{"id":3124,"date":"2025-04-14T13:32:44","date_gmt":"2025-04-14T13:32:44","guid":{"rendered":"https:\/\/www.abbaye-de-leffe.be\/fr\/?page_id=3124"},"modified":"2025-07-07T14:45:31","modified_gmt":"2025-07-07T14:45:31","slug":"juridisch","status":"publish","type":"page","link":"https:\/\/www.abbaye-de-leffe.be\/nl\/juridisch\/","title":{"rendered":"Z\/ juridische informatie"},"content":{"rendered":"\n<div class=\"wp-block-cover alignfull is-light has-parallax has-custom-content-position is-position-top-center\" style=\"min-height:100vh;aspect-ratio:unset;\"><div class=\"wp-block-cover__image-background wp-image-4578 size-large has-parallax\" style=\"background-position:50% 50%;background-image:url(https:\/\/www.abbaye-de-leffe.be\/fr\/wp-content\/uploads\/2025\/06\/Activite-avec-dOr-1024x515.jpg)\"><\/div><span aria-hidden=\"true\" class=\"wp-block-cover__background has-background-dim-0 has-background-dim\"><\/span><div class=\"wp-block-cover__inner-container has-global-padding is-layout-constrained wp-block-cover-is-layout-constrained\">\n<figure class=\"wp-block-image size-thumbnail is-resized\"><a href=\"https:\/\/www.abbaye-de-leffe.be\/nl\/\"><img loading=\"lazy\" decoding=\"async\" width=\"150\" height=\"150\" src=\"https:\/\/www.abbaye-de-leffe.be\/fr\/wp-content\/uploads\/2025\/06\/0.-Acceuil-002-Amoiries-abbaye-150x150.png\" alt=\"\" class=\"wp-image-4326\" style=\"width:auto;height:150px\"\/><\/a><\/figure>\n\n\n\n<div class=\"wp-block-columns is-layout-flex wp-container-core-columns-is-layout-28f84493 wp-block-columns-is-layout-flex\">\n<div class=\"wp-block-column is-layout-flow wp-block-column-is-layout-flow\" style=\"flex-basis:30%\"><\/div>\n\n\n\n<div class=\"wp-block-column has-text-color has-link-color wp-elements-c0c348f08a2282a35afa887ec03165b7 is-layout-flow wp-block-column-is-layout-flow\" style=\"color:#003366\">\n<h2 class=\"wp-block-heading\" id=\"parent-fieldname-title\">Juridische informatie<\/h2>\n\n\n\n<h3 class=\"wp-block-heading\">Conception graphique et r\u00e9alisation technique<\/h3>\n\n\n\n<p class=\"has-text-color has-link-color wp-elements-672b21b05ae7746f8e4a4a0704edfbc6\" style=\"color:#003366\">Steven De Ceuster, stafmedewerker | Place de l&#8217;Abbaye\u200b\u00a01\u200b, 5500\u200b\u00a0Dinant<br>| <a href=\"mailto:steven.dc@abbaye-de-leffe.be\" target=\"_blank\" rel=\"noreferrer noopener\">steven.dc@abbaye-de-leffe.be<\/a><\/p>\n\n\n\n<h3 class=\"wp-block-heading\">Contenu du site<\/h3>\n\n\n\n<p class=\"has-text-color has-link-color wp-elements-030992b8d518e38989bc790c8ed32d17\" style=\"color:#003366\">L&#8217;ensemble de ce site rel\u00e8ve de la l\u00e9gislation Belgique et internationale sur le droit d&#8217;auteur et la propri\u00e9t\u00e9 intellectuelle. Tous les droits de reproduction sont r\u00e9serv\u00e9s, y compris pour les documents t\u00e9l\u00e9chargeables et les repr\u00e9sentations iconographiques et photographiques. La reproduction de tout ou partie de ce site sur un support \u00e9lectronique ou papier quel qu&#8217;il soit est formellement interdite sauf autorisation expresse. Les marques cit\u00e9es sur ce site sont d\u00e9pos\u00e9es par les soci\u00e9t\u00e9s qui en sont propri\u00e9taires.<\/p>\n\n\n\n<h3 class=\"wp-block-heading\">Donn\u00e9es personnelles<\/h3>\n\n\n\n<p class=\"has-text-color has-link-color wp-elements-27a89fcf6c0427afbd21077a2a9fa02d\" style=\"color:#003366\">Les donn\u00e9es personnelles collect\u00e9es sur ce site sont destin\u00e9es \u00e0 l&#8217;abbaye de Leffe. Elles font l&#8217;objet d&#8217;un traitement informatis\u00e9.<\/p>\n\n\n\n<p class=\"has-text-color has-link-color wp-elements-394641b67c15acc031baecc2f314f8ee\" style=\"color:#003366\">Conform\u00e9ment \u00e0 la loi \u00ab Informatique et Libert\u00e9s \u00bb du 6\/01\/1978 modifi\u00e9e et au RGPD du 27\/04\/2016, un droit d&#8217;acc\u00e8s aux donn\u00e9es, de rectification et d&#8217;opposition \u00e0 leur traitement ou leur conservation peut \u00eatre exerc\u00e9 par toute personne concern\u00e9e.<\/p>\n\n\n\n<p class=\"has-text-color has-link-color wp-elements-5c3160dd536cca863fe8c2e570998ae5\" style=\"color:#003366\">Ces droits peuvent \u00eatre exerc\u00e9s par courriel aupr\u00e8s du webmaster ou par lettre aupr\u00e8s de l&#8217;Abbaye de Leffe.<\/p>\n\n\n\n<h3 class=\"wp-block-heading\">Mise en garde g\u00e9n\u00e9rale<\/h3>\n\n\n\n<p class=\"has-text-color has-link-color wp-elements-6dab35f3ebb098c05b25f53b1baf1597\" style=\"color:#003366\">L&#8217;abbaye de Leffe met tout en oeuvre pour offrir aux utilisateurs du site des informations fiables. Cependant, malgr\u00e9 tous les soins apport\u00e9s, le site peut comporter des inexactitudes, des d\u00e9fauts de mise \u00e0 jour ou des erreurs. L&#8217;abbaye de Leffe se d\u00e9gage de toute responsabilit\u00e9 en cas d&#8217;indisponibilit\u00e9 de certains services propos\u00e9s sur le site.<\/p>\n\n\n\n<p class=\"has-text-color has-link-color wp-elements-fe73aa3f23873a86d07f1c03d302a2c6\" style=\"color:#003366\">Nous remercions les utilisateurs du site de nous faire part d&#8217;\u00e9ventuelles omissions ou erreurs, et de nous proposer des corrections aupr\u00e8s du webmaster.<\/p>\n\n\n\n<div style=\"height:150px\" aria-hidden=\"true\" class=\"wp-block-spacer\"><\/div>\n<\/div>\n<\/div>\n<\/div><\/div>\n\n\n\n<div class=\"wp-block-cover is-light\"><span aria-hidden=\"true\" class=\"wp-block-cover__background has-secondary-background-color has-background-dim-10 has-background-dim\"><\/span><div class=\"wp-block-cover__inner-container has-global-padding is-layout-constrained wp-block-cover-is-layout-constrained\">\n<figure class=\"wp-block-image aligncenter size-large is-resized\"><img loading=\"lazy\" decoding=\"async\" width=\"1024\" height=\"241\" src=\"https:\/\/www.abbaye-de-leffe.be\/nl\/wp-content\/uploads\/2025\/07\/Logo-sans-coordinates-lOr-HD-1024x241.png\" alt=\"\" class=\"wp-image-5174\" style=\"width:900px\" srcset=\"https:\/\/www.abbaye-de-leffe.be\/nl\/wp-content\/uploads\/2025\/07\/Logo-sans-coordinates-lOr-HD-1024x241.png 1024w, https:\/\/www.abbaye-de-leffe.be\/nl\/wp-content\/uploads\/2025\/07\/Logo-sans-coordinates-lOr-HD-300x71.png 300w, https:\/\/www.abbaye-de-leffe.be\/nl\/wp-content\/uploads\/2025\/07\/Logo-sans-coordinates-lOr-HD-2000x471.png 2000w\" sizes=\"auto, (max-width: 1024px) 100vw, 1024px\" \/><\/figure>\n\n\n\n<div style=\"height:5px\" aria-hidden=\"true\" class=\"wp-block-spacer\"><\/div>\n\n\n\n<div class=\"wp-block-columns alignwide is-layout-flex wp-container-core-columns-is-layout-28f84493 wp-block-columns-is-layout-flex\">\n<div class=\"wp-block-column is-layout-flow wp-block-column-is-layout-flow\" style=\"flex-basis:25%\">\n<h3 class=\"wp-block-heading has-secondary-color has-text-color has-link-color wp-elements-c385036be05ed05d495093a6e962bdd8\" style=\"font-style:normal;font-weight:300\">Onze contactgegevens<\/h3>\n\n\n\n<p class=\"has-text-color has-link-color wp-elements-b905c75ab4026e6df274a52df127dae9\" style=\"color:#003366\">Place de l&#8217;Abbaye 1<br>5500 Dinant (Belgique)<\/p>\n\n\n\n<p class=\"has-text-color has-link-color wp-elements-ba1a75f8285ec9ab77d199f37a127cfb\" style=\"color:#003366\">T\u00e9l. +32 (0)82 22 23 77<br><a href=\"mailto:secretariat@abbaye-de-leffe.be\">Contacteer ons per email<\/a><\/p>\n\n\n\n<div class=\"wp-block-columns is-layout-flex wp-container-core-columns-is-layout-28f84493 wp-block-columns-is-layout-flex\">\n<div class=\"wp-block-column is-layout-flow wp-block-column-is-layout-flow\" style=\"flex-basis:50px\">\n<figure class=\"wp-block-image size-full is-resized\"><a href=\"https:\/\/www.abbaye-de-leffe.be\/fr\/\" target=\"_blank\" rel=\" noreferrer noopener\"><img loading=\"lazy\" decoding=\"async\" width=\"1000\" height=\"600\" src=\"https:\/\/www.abbaye-de-leffe.be\/nl\/wp-content\/uploads\/2025\/07\/Francais.jpg\" alt=\"\" class=\"wp-image-5017\" style=\"width:40px\" srcset=\"https:\/\/www.abbaye-de-leffe.be\/nl\/wp-content\/uploads\/2025\/07\/Francais.jpg 1000w, https:\/\/www.abbaye-de-leffe.be\/nl\/wp-content\/uploads\/2025\/07\/Francais-300x180.jpg 300w\" sizes=\"auto, (max-width: 1000px) 100vw, 1000px\" \/><\/a><\/figure>\n<\/div>\n\n\n\n<div class=\"wp-block-column is-layout-flow wp-block-column-is-layout-flow\" style=\"flex-basis:50px\">\n<figure class=\"wp-block-image size-full is-resized\"><a href=\"https:\/\/www.abbaye-de-leffe.be\/en\/\" target=\"_blank\" rel=\" noreferrer noopener\"><img loading=\"lazy\" decoding=\"async\" width=\"1000\" height=\"600\" src=\"https:\/\/www.abbaye-de-leffe.be\/nl\/wp-content\/uploads\/2025\/04\/0.-Anglais-1.jpg\" alt=\"\" class=\"wp-image-4130\" style=\"width:40px\" srcset=\"https:\/\/www.abbaye-de-leffe.be\/nl\/wp-content\/uploads\/2025\/04\/0.-Anglais-1.jpg 1000w, https:\/\/www.abbaye-de-leffe.be\/nl\/wp-content\/uploads\/2025\/04\/0.-Anglais-1-300x180.jpg 300w\" sizes=\"auto, (max-width: 1000px) 100vw, 1000px\" \/><\/a><\/figure>\n<\/div>\n<\/div>\n<\/div>\n\n\n\n<div class=\"wp-block-column is-layout-flow wp-block-column-is-layout-flow\" style=\"flex-basis:60%\">\n<div class=\"wp-block-group has-global-padding is-layout-constrained wp-block-group-is-layout-constrained\">\n<h3 class=\"wp-block-heading has-text-align-left has-secondary-color has-text-color has-link-color wp-elements-924ec51fb10f578c54ecf8b4e4f4caa3\" style=\"font-style:normal;font-weight:300\">Gebedstijden<\/h3>\n\n\n\n<div class=\"wp-block-columns has-text-color has-link-color wp-elements-b7a9e6680b453fd2059f8a74efd1e3f4 is-layout-flex wp-container-core-columns-is-layout-28f84493 wp-block-columns-is-layout-flex\" style=\"color:#003366\">\n<div class=\"wp-block-column is-layout-flow wp-block-column-is-layout-flow\">\n<p><strong>Tijdens de week<\/strong><br>7.00 uur Lezingen- en morgendienst<br><em>(maandag en zaterdag 7.30 uur)<\/em><br>11.00 uur Eucharistieviering<br>18.00 uur Aanbidding<br>18.30 uur Vespers (avondgebed)<br>20.30 uur Completen<em> (niet op maandag)<\/em><\/p>\n<\/div>\n\n\n\n<div class=\"wp-block-column is-layout-flow wp-block-column-is-layout-flow\">\n<p><strong>Zondagen en hoogfeesten<\/strong><br>7.30 uur Lezingen- en morgendienst<br><br>10.30 uur Eucharistieviering<br>18.00 uur Aanbidding<br>18.30 uur Vespers (avondgebed)<br>20.30 uur Completen<br><\/p>\n<\/div>\n<\/div>\n<\/div>\n<\/div>\n\n\n\n<div class=\"wp-block-column is-layout-flow wp-block-column-is-layout-flow\" style=\"flex-basis:15%\">\n<div style=\"height:30px\" aria-hidden=\"true\" class=\"wp-block-spacer\"><\/div>\n\n\n\n<div class=\"wp-block-group is-nowrap is-layout-flex wp-container-core-group-is-layout-6c531013 wp-block-group-is-layout-flex\">\n<figure class=\"wp-block-image size-full is-resized has-custom-border\"><a href=\"https:\/\/www.facebook.com\/profile.php?id=100071014533088\" target=\"_blank\" rel=\" noreferrer noopener\"><img loading=\"lazy\" decoding=\"async\" width=\"204\" height=\"204\" src=\"http:\/\/abbaye-de-leffe.be\/fr\/wp-content\/uploads\/2024\/04\/Facebook-1.jpg\" alt=\"\" class=\"wp-image-1981\" style=\"border-radius:10px;width:auto;height:50px\" srcset=\"https:\/\/www.abbaye-de-leffe.be\/nl\/wp-content\/uploads\/2024\/04\/Facebook-1.jpg 204w, https:\/\/www.abbaye-de-leffe.be\/nl\/wp-content\/uploads\/2024\/04\/Facebook-1-150x150.jpg 150w\" sizes=\"auto, (max-width: 204px) 100vw, 204px\" \/><\/a><\/figure>\n\n\n\n<figure class=\"wp-block-image size-full is-resized has-custom-border\"><a href=\"https:\/\/www.instagram.com\/abbayedeleffe\/\" target=\"_blank\" rel=\" noreferrer noopener\"><img loading=\"lazy\" decoding=\"async\" width=\"205\" height=\"205\" src=\"http:\/\/abbaye-de-leffe.be\/fr\/wp-content\/uploads\/2024\/04\/instagram-icoon-groot.jpg\" alt=\"\" class=\"wp-image-1980\" style=\"border-radius:10px;width:auto;height:50px\" srcset=\"https:\/\/www.abbaye-de-leffe.be\/nl\/wp-content\/uploads\/2024\/04\/instagram-icoon-groot.jpg 205w, https:\/\/www.abbaye-de-leffe.be\/nl\/wp-content\/uploads\/2024\/04\/instagram-icoon-groot-150x150.jpg 150w\" sizes=\"auto, (max-width: 205px) 100vw, 205px\" \/><\/a><\/figure>\n<\/div>\n\n\n\n<iframe src=\"https:\/\/www.google.com\/maps\/embed?pb=!1m18!1m12!1m3!1d2550.2340198374195!2d4.907499999999999!3d50.2688889!2m3!1f0!2f0!3f0!3m2!1i1024!2i768!4f13.1!3m3!1m2!1s0x47c195617538d997%3A0xe4df80040d1a31fb!2sAbbaye%20Notre-Dame%20de%20Leffe!5e0!3m2!1sfr!2sbe!4v1744703530679!5m2!1sfr!2sbe\" width=\"600\" height=\"450\" style=\"border:0;\" allowfullscreen=\"\" loading=\"lazy\" referrerpolicy=\"no-referrer-when-downgrade\"><\/iframe>\n<\/div>\n<\/div>\n<\/div><\/div>\n","protected":false},"excerpt":{"rendered":"","protected":false},"author":1,"featured_media":0,"parent":0,"menu_order":0,"comment_status":"closed","ping_status":"closed","template":"page-templates\/full-width-transparent.php","meta":{"footnotes":""},"class_list":["post-3124","page","type-page","status-publish","hentry"],"jetpack_sharing_enabled":true,"_links":{"self":[{"href":"https:\/\/www.abbaye-de-leffe.be\/nl\/wp-json\/wp\/v2\/pages\/3124","targetHints":{"allow":["GET"]}}],"collection":[{"href":"https:\/\/www.abbaye-de-leffe.be\/nl\/wp-json\/wp\/v2\/pages"}],"about":[{"href":"https:\/\/www.abbaye-de-leffe.be\/nl\/wp-json\/wp\/v2\/types\/page"}],"author":[{"embeddable":true,"href":"https:\/\/www.abbaye-de-leffe.be\/nl\/wp-json\/wp\/v2\/users\/1"}],"replies":[{"embeddable":true,"href":"https:\/\/www.abbaye-de-leffe.be\/nl\/wp-json\/wp\/v2\/comments?post=3124"}],"version-history":[{"count":25,"href":"https:\/\/www.abbaye-de-leffe.be\/nl\/wp-json\/wp\/v2\/pages\/3124\/revisions"}],"predecessor-version":[{"id":4993,"href":"https:\/\/www.abbaye-de-leffe.be\/nl\/wp-json\/wp\/v2\/pages\/3124\/revisions\/4993"}],"wp:attachment":[{"href":"https:\/\/www.abbaye-de-leffe.be\/nl\/wp-json\/wp\/v2\/media?parent=3124"}],"curies":[{"name":"wp","href":"https:\/\/api.w.org\/{rel}","templated":true}]}}