{"id":2328,"date":"2024-04-25T07:57:57","date_gmt":"2024-04-25T07:57:57","guid":{"rendered":"http:\/\/abbayedeleffe.spinternet.be\/fr\/?page_id=2328"},"modified":"2025-07-07T14:48:11","modified_gmt":"2025-07-07T14:48:11","slug":"gemeenschap","status":"publish","type":"page","link":"https:\/\/www.abbaye-de-leffe.be\/nl\/gemeenschap\/","title":{"rendered":"2.1.de gemeenschap van Leffe"},"content":{"rendered":"\n<div class=\"wp-block-cover alignfull has-custom-content-position is-position-bottom-center\" style=\"padding-top:0;padding-right:0;padding-bottom:0;padding-left:0;min-height:600px;aspect-ratio:unset;\"><img loading=\"lazy\" decoding=\"async\" width=\"2560\" height=\"1707\" class=\"wp-block-cover__image-background wp-image-4665 size-full\" alt=\"\" src=\"https:\/\/www.abbaye-de-leffe.be\/fr\/wp-content\/uploads\/2025\/06\/2.-vivre-a-labbaye-001-HD-vivre-2025-scaled.jpg\" style=\"object-position:50% 50%\" data-object-fit=\"cover\" data-object-position=\"50% 50%\" srcset=\"https:\/\/www.abbaye-de-leffe.be\/nl\/wp-content\/uploads\/2025\/06\/2.-vivre-a-labbaye-001-HD-vivre-2025-scaled.jpg 2560w, https:\/\/www.abbaye-de-leffe.be\/nl\/wp-content\/uploads\/2025\/06\/2.-vivre-a-labbaye-001-HD-vivre-2025-300x200.jpg 300w, https:\/\/www.abbaye-de-leffe.be\/nl\/wp-content\/uploads\/2025\/06\/2.-vivre-a-labbaye-001-HD-vivre-2025-1024x683.jpg 1024w, https:\/\/www.abbaye-de-leffe.be\/nl\/wp-content\/uploads\/2025\/06\/2.-vivre-a-labbaye-001-HD-vivre-2025-2000x1333.jpg 2000w\" sizes=\"auto, (max-width: 2560px) 100vw, 2560px\" \/><span aria-hidden=\"true\" class=\"wp-block-cover__background has-primary-background-color has-background-dim-0 has-background-dim\"><\/span><div class=\"wp-block-cover__inner-container has-global-padding is-layout-constrained wp-container-core-cover-is-layout-9da746be wp-block-cover-is-layout-constrained\">\n<figure class=\"wp-block-image size-full is-resized\"><a href=\"https:\/\/www.abbaye-de-leffe.be\/nl\/\"><img loading=\"lazy\" decoding=\"async\" width=\"1181\" height=\"1417\" src=\"https:\/\/www.abbaye-de-leffe.be\/fr\/wp-content\/uploads\/2025\/06\/0.-Acceuil-002-Amoiries-abbaye.png\" alt=\"\" class=\"wp-image-4326\" style=\"width:auto;height:150px\" srcset=\"https:\/\/www.abbaye-de-leffe.be\/nl\/wp-content\/uploads\/2025\/06\/0.-Acceuil-002-Amoiries-abbaye.png 1181w, https:\/\/www.abbaye-de-leffe.be\/nl\/wp-content\/uploads\/2025\/06\/0.-Acceuil-002-Amoiries-abbaye-250x300.png 250w, https:\/\/www.abbaye-de-leffe.be\/nl\/wp-content\/uploads\/2025\/06\/0.-Acceuil-002-Amoiries-abbaye-853x1024.png 853w\" sizes=\"auto, (max-width: 1181px) 100vw, 1181px\" \/><\/a><\/figure>\n\n\n\n<div class=\"wp-block-buttons is-layout-flex wp-block-buttons-is-layout-flex\">\n<div class=\"wp-block-button has-custom-width wp-block-button__width-100\"><a class=\"wp-block-button__link has-background wp-element-button\" style=\"border-radius:100px;background-color:#a38d0dbd\">Augustin, Hugues, Jean-Baptiste, Herv\u00e9, Bruno, Daniel-Marie, Beno\u00eet, Christophe, Tanguy, Philippe, Fernand<br>(en p\u00e8re Jean die in het woonzorgcentrum Pont d&#8217;Amour verblijft)<\/a><\/div>\n<\/div>\n\n\n\n<div class=\"wp-block-columns is-layout-flex wp-container-core-columns-is-layout-28f84493 wp-block-columns-is-layout-flex\">\n<div class=\"wp-block-column is-layout-flow wp-block-column-is-layout-flow\">\n<div style=\"height:50px\" aria-hidden=\"true\" class=\"wp-block-spacer\"><\/div>\n<\/div>\n\n\n\n<div class=\"wp-block-column is-layout-flow wp-block-column-is-layout-flow\"><\/div>\n<\/div>\n<\/div><\/div>\n\n\n\n<div class=\"wp-block-cover alignfull is-light\"><span aria-hidden=\"true\" class=\"wp-block-cover__background has-secondary-background-color has-background-dim-10 has-background-dim\"><\/span><div class=\"wp-block-cover__inner-container has-global-padding is-layout-constrained wp-block-cover-is-layout-constrained\">\n<p class=\"has-text-align-left has-secondary-color has-text-color has-link-color has-max-48-font-size wp-elements-4dde506da9f7bffb817e8ed4d96c6230\" style=\"font-style:normal;font-weight:400\">la communaut\u00e9 de Leffe<\/p>\n\n\n\n<p class=\"has-text-color has-link-color wp-elements-92aabb0c63a57a1b0ff8bf5d6027a721\" style=\"color:#003366\">\u00c0 Leffe, une communaut\u00e9 de douze pr\u00e9montr\u00e9s, \u00e0 la suite de Saint Norbert, m\u00e8ne une vie religieuse inspir\u00e9e par la R\u00e8gle de Saint Augustin et les Constitutions de l&#8217;Ordre de Pr\u00e9montr\u00e9. Cette vie commune voulue par Saint Augustin et Saint Norbert trouve son fondement dans la premi\u00e8re communaut\u00e9 de J\u00e9rusalem o\u00f9 &#8220;<em>Ils \u00e9taient assidus \u00e0 l&#8217;enseignement des Ap\u00f4tres et \u00e0 la communion fraternelle, \u00e0 la fraction du pain et aux pri\u00e8res<\/em>&#8221; (Actes 2,42).<\/p>\n\n\n\n<div style=\"height:20px\" aria-hidden=\"true\" class=\"wp-block-spacer\"><\/div>\n\n\n\n<div class=\"wp-block-columns alignfull is-layout-flex wp-container-core-columns-is-layout-28f84493 wp-block-columns-is-layout-flex\">\n<div class=\"wp-block-column is-layout-flow wp-block-column-is-layout-flow\">\n<div class=\"wp-block-cover alignwide is-light has-custom-content-position is-position-top-center\" style=\"border-radius:10px;min-height:875px;aspect-ratio:unset;\"><span aria-hidden=\"true\" class=\"wp-block-cover__background has-secondary-background-color has-background-dim-100 has-background-dim\"><\/span><div class=\"wp-block-cover__inner-container has-global-padding is-layout-constrained wp-block-cover-is-layout-constrained\">\n<p class=\"has-white-color has-text-color has-link-color wp-elements-80b518713ab6121e048abdd9897a3eeb\">La communion fraternelle devient effective dans la r\u00e9alit\u00e9 de partager avec les fr\u00e8res la vie quotidienne dans l\u2019abbaye : une r\u00e9alit\u00e9 \u00e0 la fois simple et complexe. La fraternit\u00e9 se manifeste dans les \u00e9l\u00e9ments de <strong>la vie commune et quotidienne<\/strong> : manger ensemble, vivre ensemble, travailler ensemble, se r\u00e9cr\u00e9er ensemble, \u2026 Tous les membres de la communaut\u00e9 forment ainsi une m\u00eame famille o\u00f9 l\u2019on s\u2019accueille et se re\u00e7oit mutuellement avec ce qui nous unit et ce qui nous distingue.<\/p>\n<\/div><\/div>\n<\/div>\n\n\n\n<div class=\"wp-block-column is-layout-flow wp-block-column-is-layout-flow\">\n<div class=\"wp-block-cover alignwide is-light has-custom-content-position is-position-top-center\" style=\"border-radius:10px;min-height:875px;aspect-ratio:unset;\"><span aria-hidden=\"true\" class=\"wp-block-cover__background has-secondary-background-color has-background-dim-100 has-background-dim\"><\/span><div class=\"wp-block-cover__inner-container has-global-padding is-layout-constrained wp-block-cover-is-layout-constrained\">\n<p class=\"has-white-color has-text-color has-link-color wp-elements-cd944c98f1d34d2bea551fdc40f5df81\">La communion fraternelle se manifeste et s\u2019\u00e9difie \u00e9galement dans <strong>la liturgie et la pri\u00e8re<\/strong>. Dans notre communaut\u00e9 nous c\u00e9l\u00e9brons chaque jour l\u2019eucharistie, la consid\u00e9rant comme source et sommet de notre communion fraternelle. Aucune communaut\u00e9 chr\u00e9tienne ne peut se construire sans trouver sa racine et son centre dans cette c\u00e9l\u00e9bration. Outre l\u2019eucharistie, nous c\u00e9l\u00e9brons les laudes (matin) et les v\u00eapres (soir) comme les deux charni\u00e8res de la journ\u00e9e&nbsp;; la parole de Dieu est pri\u00e9e et m\u00e9dit\u00e9e durant l\u2019office des lectures&nbsp;; l\u2019office du milieu du jour nous replonge dans la pr\u00e9sence de Dieu ;enfin, avant le repos de la nuit, nous nous confions au Seigneur (complies). Cette liturgie des heures inspire \u00e9galement notre pri\u00e8re personnelle \u00e0 travers la m\u00e9ditation priante de la Parole de Dieu et l\u2019adoration du Saint Sacrement.<\/p>\n<\/div><\/div>\n<\/div>\n\n\n\n<div class=\"wp-block-column is-layout-flow wp-block-column-is-layout-flow\">\n<div class=\"wp-block-cover alignwide is-light has-custom-content-position is-position-top-center\" style=\"border-radius:10px;min-height:875px;aspect-ratio:unset;\"><span aria-hidden=\"true\" class=\"wp-block-cover__background has-secondary-background-color has-background-dim-100 has-background-dim\"><\/span><div class=\"wp-block-cover__inner-container has-global-padding is-layout-constrained wp-block-cover-is-layout-constrained\">\n<p class=\"has-white-color has-text-color has-link-color wp-elements-d55cdb5a8e24dc4530f57a899a415c9a\"><strong>La pastorale<\/strong> est aussi une expression de la communion fraternelle qui, \u00e0 partir de la communaut\u00e9, s\u2019\u00e9largit vers les diverses r\u00e9alit\u00e9s qui nous entourent. Nos engagements dans la pastorale forment des liens avec la r\u00e9gion autour l\u2019abbaye et avec le monde. Nous y sommes au service de communaut\u00e9s tr\u00e8s diverses : paroisses, aum\u00f4neries, mouvements, accompagnement, formation, projets, \u2026<\/p>\n<\/div><\/div>\n<\/div>\n<\/div>\n\n\n\n<div class=\"wp-block-group is-nowrap is-layout-flex wp-container-core-group-is-layout-6c531013 wp-block-group-is-layout-flex\">\n<div class=\"wp-block-group is-vertical is-content-justification-right is-layout-flex wp-container-core-group-is-layout-c0d519fa wp-block-group-is-layout-flex\">\n<figure class=\"wp-block-image size-large has-custom-border\"><a href=\"https:\/\/www.abbaye-de-leffe.be\/fr\/wp-content\/uploads\/2025\/04\/2.1.-communaute-003-Ecologie.jpg\" target=\"_blank\" rel=\"noreferrer noopener\"><img loading=\"lazy\" decoding=\"async\" width=\"1024\" height=\"768\" src=\"https:\/\/www.abbaye-de-leffe.be\/fr\/wp-content\/uploads\/2025\/04\/2.1.-communaute-003-Ecologie-1024x768.jpg\" alt=\"\" class=\"wp-image-3695\" style=\"border-radius:10px;object-fit:cover\" srcset=\"https:\/\/www.abbaye-de-leffe.be\/nl\/wp-content\/uploads\/2025\/04\/2.1.-communaute-003-Ecologie-1024x768.jpg 1024w, https:\/\/www.abbaye-de-leffe.be\/nl\/wp-content\/uploads\/2025\/04\/2.1.-communaute-003-Ecologie-300x225.jpg 300w, https:\/\/www.abbaye-de-leffe.be\/nl\/wp-content\/uploads\/2025\/04\/2.1.-communaute-003-Ecologie-2000x1500.jpg 2000w, https:\/\/www.abbaye-de-leffe.be\/nl\/wp-content\/uploads\/2025\/04\/2.1.-communaute-003-Ecologie.jpg 2048w\" sizes=\"auto, (max-width: 1024px) 100vw, 1024px\" \/><\/a><\/figure>\n\n\n\n<figure class=\"wp-block-image size-medium has-custom-border\"><img loading=\"lazy\" decoding=\"async\" width=\"300\" height=\"168\" src=\"https:\/\/www.abbaye-de-leffe.be\/fr\/wp-content\/uploads\/2025\/04\/2.1.-communaute-004-Bruno-300x168.jpg\" alt=\"\" class=\"wp-image-3696\" style=\"border-radius:10px;object-fit:cover\" srcset=\"https:\/\/www.abbaye-de-leffe.be\/nl\/wp-content\/uploads\/2025\/04\/2.1.-communaute-004-Bruno-300x168.jpg 300w, https:\/\/www.abbaye-de-leffe.be\/nl\/wp-content\/uploads\/2025\/04\/2.1.-communaute-004-Bruno.jpg 400w\" sizes=\"auto, (max-width: 300px) 100vw, 300px\" \/><\/figure>\n<\/div>\n\n\n\n<div class=\"wp-block-group is-vertical is-layout-flex wp-container-core-group-is-layout-fe9cc265 wp-block-group-is-layout-flex\">\n<figure class=\"wp-block-image size-full is-resized has-custom-border\"><a href=\"https:\/\/www.abbaye-de-leffe.be\/fr\/wp-content\/uploads\/2025\/04\/2.1.-communaute-002-Catharinadal.jpg\" target=\"_blank\" rel=\"noreferrer noopener\"><img loading=\"lazy\" decoding=\"async\" width=\"1536\" height=\"2048\" src=\"https:\/\/www.abbaye-de-leffe.be\/fr\/wp-content\/uploads\/2025\/04\/2.1.-communaute-002-Catharinadal.jpg\" alt=\"\" class=\"wp-image-3693\" style=\"border-radius:10px;width:600px\" srcset=\"https:\/\/www.abbaye-de-leffe.be\/nl\/wp-content\/uploads\/2025\/04\/2.1.-communaute-002-Catharinadal.jpg 1536w, https:\/\/www.abbaye-de-leffe.be\/nl\/wp-content\/uploads\/2025\/04\/2.1.-communaute-002-Catharinadal-225x300.jpg 225w, https:\/\/www.abbaye-de-leffe.be\/nl\/wp-content\/uploads\/2025\/04\/2.1.-communaute-002-Catharinadal-768x1024.jpg 768w\" sizes=\"auto, (max-width: 1536px) 100vw, 1536px\" \/><\/a><\/figure>\n\n\n\n<figure class=\"wp-block-image size-large has-custom-border\"><a href=\"https:\/\/www.abbaye-de-leffe.be\/fr\/wp-content\/uploads\/2025\/04\/2.1.-communaute-005-eglise.jpg\" target=\"_blank\" rel=\"noreferrer noopener\"><img loading=\"lazy\" decoding=\"async\" width=\"461\" height=\"1024\" src=\"https:\/\/www.abbaye-de-leffe.be\/fr\/wp-content\/uploads\/2025\/04\/2.1.-communaute-005-eglise-461x1024.jpg\" alt=\"\" class=\"wp-image-3697\" style=\"border-radius:10px\" srcset=\"https:\/\/www.abbaye-de-leffe.be\/nl\/wp-content\/uploads\/2025\/04\/2.1.-communaute-005-eglise-461x1024.jpg 461w, https:\/\/www.abbaye-de-leffe.be\/nl\/wp-content\/uploads\/2025\/04\/2.1.-communaute-005-eglise-135x300.jpg 135w, https:\/\/www.abbaye-de-leffe.be\/nl\/wp-content\/uploads\/2025\/04\/2.1.-communaute-005-eglise.jpg 1152w\" sizes=\"auto, (max-width: 461px) 100vw, 461px\" \/><\/a><\/figure>\n<\/div>\n<\/div>\n\n\n\n<div class=\"wp-block-group is-content-justification-center is-nowrap is-layout-flex wp-container-core-group-is-layout-23441af8 wp-block-group-is-layout-flex\">\n<div class=\"wp-block-group is-vertical is-content-justification-right is-layout-flex wp-container-core-group-is-layout-c0d519fa wp-block-group-is-layout-flex\">\n<figure class=\"wp-block-image aligncenter size-large is-resized has-custom-border\"><img loading=\"lazy\" decoding=\"async\" width=\"1024\" height=\"768\" src=\"https:\/\/www.abbaye-de-leffe.be\/fr\/wp-content\/uploads\/2025\/04\/2.1.-communaute-006-apres-la-messe-1024x768.jpg\" alt=\"\" class=\"wp-image-3698\" style=\"border-radius:10px;width:450px\" srcset=\"https:\/\/www.abbaye-de-leffe.be\/nl\/wp-content\/uploads\/2025\/04\/2.1.-communaute-006-apres-la-messe-1024x768.jpg 1024w, https:\/\/www.abbaye-de-leffe.be\/nl\/wp-content\/uploads\/2025\/04\/2.1.-communaute-006-apres-la-messe-300x225.jpg 300w, https:\/\/www.abbaye-de-leffe.be\/nl\/wp-content\/uploads\/2025\/04\/2.1.-communaute-006-apres-la-messe-2000x1500.jpg 2000w\" sizes=\"auto, (max-width: 1024px) 100vw, 1024px\" \/><\/figure>\n<\/div>\n\n\n\n<div class=\"wp-block-group is-vertical is-layout-flex wp-container-core-group-is-layout-fe9cc265 wp-block-group-is-layout-flex\">\n<figure class=\"wp-block-image size-medium has-custom-border\"><img loading=\"lazy\" decoding=\"async\" width=\"300\" height=\"203\" src=\"https:\/\/www.abbaye-de-leffe.be\/fr\/wp-content\/uploads\/2025\/04\/2.1.-communaute-007-fete-des-collaborateurs-300x203.jpg\" alt=\"\" class=\"wp-image-3701\" style=\"border-radius:10px;object-fit:cover\" srcset=\"https:\/\/www.abbaye-de-leffe.be\/nl\/wp-content\/uploads\/2025\/04\/2.1.-communaute-007-fete-des-collaborateurs-300x203.jpg 300w, https:\/\/www.abbaye-de-leffe.be\/nl\/wp-content\/uploads\/2025\/04\/2.1.-communaute-007-fete-des-collaborateurs-1024x692.jpg 1024w, https:\/\/www.abbaye-de-leffe.be\/nl\/wp-content\/uploads\/2025\/04\/2.1.-communaute-007-fete-des-collaborateurs-2000x1352.jpg 2000w, https:\/\/www.abbaye-de-leffe.be\/nl\/wp-content\/uploads\/2025\/04\/2.1.-communaute-007-fete-des-collaborateurs.jpg 2048w\" sizes=\"auto, (max-width: 300px) 100vw, 300px\" \/><\/figure>\n<\/div>\n<\/div>\n\n\n\n<figure class=\"wp-block-image size-large has-custom-border\"><img loading=\"lazy\" decoding=\"async\" width=\"1024\" height=\"350\" src=\"https:\/\/www.abbaye-de-leffe.be\/fr\/wp-content\/uploads\/2025\/04\/2.1.-communaute-008-messe-1024x350.jpg\" alt=\"\" class=\"wp-image-3700\" style=\"border-radius:10px\" srcset=\"https:\/\/www.abbaye-de-leffe.be\/nl\/wp-content\/uploads\/2025\/04\/2.1.-communaute-008-messe-1024x350.jpg 1024w, https:\/\/www.abbaye-de-leffe.be\/nl\/wp-content\/uploads\/2025\/04\/2.1.-communaute-008-messe-300x103.jpg 300w, https:\/\/www.abbaye-de-leffe.be\/nl\/wp-content\/uploads\/2025\/04\/2.1.-communaute-008-messe.jpg 1900w\" sizes=\"auto, (max-width: 1024px) 100vw, 1024px\" \/><\/figure>\n\n\n\n<div style=\"height:50px\" aria-hidden=\"true\" class=\"wp-block-spacer\"><\/div>\n<\/div><\/div>\n\n\n\n<div class=\"wp-block-cover is-light\"><span aria-hidden=\"true\" class=\"wp-block-cover__background has-secondary-background-color has-background-dim-10 has-background-dim\"><\/span><div class=\"wp-block-cover__inner-container has-global-padding is-layout-constrained wp-block-cover-is-layout-constrained\">\n<figure class=\"wp-block-image aligncenter size-large is-resized\"><img loading=\"lazy\" decoding=\"async\" width=\"1024\" height=\"241\" src=\"https:\/\/www.abbaye-de-leffe.be\/nl\/wp-content\/uploads\/2025\/07\/Logo-sans-coordinates-lOr-HD-1024x241.png\" alt=\"\" class=\"wp-image-5174\" style=\"width:900px\" srcset=\"https:\/\/www.abbaye-de-leffe.be\/nl\/wp-content\/uploads\/2025\/07\/Logo-sans-coordinates-lOr-HD-1024x241.png 1024w, https:\/\/www.abbaye-de-leffe.be\/nl\/wp-content\/uploads\/2025\/07\/Logo-sans-coordinates-lOr-HD-300x71.png 300w, https:\/\/www.abbaye-de-leffe.be\/nl\/wp-content\/uploads\/2025\/07\/Logo-sans-coordinates-lOr-HD-2000x471.png 2000w\" sizes=\"auto, (max-width: 1024px) 100vw, 1024px\" \/><\/figure>\n\n\n\n<div style=\"height:5px\" aria-hidden=\"true\" class=\"wp-block-spacer\"><\/div>\n\n\n\n<div class=\"wp-block-columns alignwide is-layout-flex wp-container-core-columns-is-layout-28f84493 wp-block-columns-is-layout-flex\">\n<div class=\"wp-block-column is-layout-flow wp-block-column-is-layout-flow\" style=\"flex-basis:25%\">\n<h3 class=\"wp-block-heading has-secondary-color has-text-color has-link-color wp-elements-c385036be05ed05d495093a6e962bdd8\" style=\"font-style:normal;font-weight:300\">Onze contactgegevens<\/h3>\n\n\n\n<p class=\"has-text-color has-link-color wp-elements-b905c75ab4026e6df274a52df127dae9\" style=\"color:#003366\">Place de l&#8217;Abbaye 1<br>5500 Dinant (Belgique)<\/p>\n\n\n\n<p class=\"has-text-color has-link-color wp-elements-ba1a75f8285ec9ab77d199f37a127cfb\" style=\"color:#003366\">T\u00e9l. +32 (0)82 22 23 77<br><a href=\"mailto:secretariat@abbaye-de-leffe.be\">Contacteer ons per email<\/a><\/p>\n\n\n\n<div class=\"wp-block-columns is-layout-flex wp-container-core-columns-is-layout-28f84493 wp-block-columns-is-layout-flex\">\n<div class=\"wp-block-column is-layout-flow wp-block-column-is-layout-flow\" style=\"flex-basis:50px\">\n<figure class=\"wp-block-image size-full is-resized\"><a href=\"https:\/\/www.abbaye-de-leffe.be\/fr\/\" target=\"_blank\" rel=\" noreferrer noopener\"><img loading=\"lazy\" decoding=\"async\" width=\"1000\" height=\"600\" src=\"https:\/\/www.abbaye-de-leffe.be\/nl\/wp-content\/uploads\/2025\/07\/Francais.jpg\" alt=\"\" class=\"wp-image-5017\" style=\"width:40px\" srcset=\"https:\/\/www.abbaye-de-leffe.be\/nl\/wp-content\/uploads\/2025\/07\/Francais.jpg 1000w, https:\/\/www.abbaye-de-leffe.be\/nl\/wp-content\/uploads\/2025\/07\/Francais-300x180.jpg 300w\" sizes=\"auto, (max-width: 1000px) 100vw, 1000px\" \/><\/a><\/figure>\n<\/div>\n\n\n\n<div class=\"wp-block-column is-layout-flow wp-block-column-is-layout-flow\" style=\"flex-basis:50px\">\n<figure class=\"wp-block-image size-full is-resized\"><a href=\"https:\/\/www.abbaye-de-leffe.be\/en\/\" target=\"_blank\" rel=\" noreferrer noopener\"><img loading=\"lazy\" decoding=\"async\" width=\"1000\" height=\"600\" src=\"https:\/\/www.abbaye-de-leffe.be\/nl\/wp-content\/uploads\/2025\/04\/0.-Anglais-1.jpg\" alt=\"\" class=\"wp-image-4130\" style=\"width:40px\" srcset=\"https:\/\/www.abbaye-de-leffe.be\/nl\/wp-content\/uploads\/2025\/04\/0.-Anglais-1.jpg 1000w, https:\/\/www.abbaye-de-leffe.be\/nl\/wp-content\/uploads\/2025\/04\/0.-Anglais-1-300x180.jpg 300w\" sizes=\"auto, (max-width: 1000px) 100vw, 1000px\" \/><\/a><\/figure>\n<\/div>\n<\/div>\n<\/div>\n\n\n\n<div class=\"wp-block-column is-layout-flow wp-block-column-is-layout-flow\" style=\"flex-basis:60%\">\n<div class=\"wp-block-group has-global-padding is-layout-constrained wp-block-group-is-layout-constrained\">\n<h3 class=\"wp-block-heading has-text-align-left has-secondary-color has-text-color has-link-color wp-elements-924ec51fb10f578c54ecf8b4e4f4caa3\" style=\"font-style:normal;font-weight:300\">Gebedstijden<\/h3>\n\n\n\n<div class=\"wp-block-columns has-text-color has-link-color wp-elements-b7a9e6680b453fd2059f8a74efd1e3f4 is-layout-flex wp-container-core-columns-is-layout-28f84493 wp-block-columns-is-layout-flex\" style=\"color:#003366\">\n<div class=\"wp-block-column is-layout-flow wp-block-column-is-layout-flow\">\n<p><strong>Tijdens de week<\/strong><br>7.00 uur Lezingen- en morgendienst<br><em>(maandag en zaterdag 7.30 uur)<\/em><br>11.00 uur Eucharistieviering<br>18.00 uur Aanbidding<br>18.30 uur Vespers (avondgebed)<br>20.30 uur Completen<em> (niet op maandag)<\/em><\/p>\n<\/div>\n\n\n\n<div class=\"wp-block-column is-layout-flow wp-block-column-is-layout-flow\">\n<p><strong>Zondagen en hoogfeesten<\/strong><br>7.30 uur Lezingen- en morgendienst<br><br>10.30 uur Eucharistieviering<br>18.00 uur Aanbidding<br>18.30 uur Vespers (avondgebed)<br>20.30 uur Completen<br><\/p>\n<\/div>\n<\/div>\n<\/div>\n<\/div>\n\n\n\n<div class=\"wp-block-column is-layout-flow wp-block-column-is-layout-flow\" style=\"flex-basis:15%\">\n<div style=\"height:30px\" aria-hidden=\"true\" class=\"wp-block-spacer\"><\/div>\n\n\n\n<div class=\"wp-block-group is-nowrap is-layout-flex wp-container-core-group-is-layout-6c531013 wp-block-group-is-layout-flex\">\n<figure class=\"wp-block-image size-full is-resized has-custom-border\"><a href=\"https:\/\/www.facebook.com\/profile.php?id=100071014533088\" target=\"_blank\" rel=\" noreferrer noopener\"><img loading=\"lazy\" decoding=\"async\" width=\"204\" height=\"204\" src=\"http:\/\/abbaye-de-leffe.be\/fr\/wp-content\/uploads\/2024\/04\/Facebook-1.jpg\" alt=\"\" class=\"wp-image-1981\" style=\"border-radius:10px;width:auto;height:50px\" srcset=\"https:\/\/www.abbaye-de-leffe.be\/nl\/wp-content\/uploads\/2024\/04\/Facebook-1.jpg 204w, https:\/\/www.abbaye-de-leffe.be\/nl\/wp-content\/uploads\/2024\/04\/Facebook-1-150x150.jpg 150w\" sizes=\"auto, (max-width: 204px) 100vw, 204px\" \/><\/a><\/figure>\n\n\n\n<figure class=\"wp-block-image size-full is-resized has-custom-border\"><a href=\"https:\/\/www.instagram.com\/abbayedeleffe\/\" target=\"_blank\" rel=\" noreferrer noopener\"><img loading=\"lazy\" decoding=\"async\" width=\"205\" height=\"205\" src=\"http:\/\/abbaye-de-leffe.be\/fr\/wp-content\/uploads\/2024\/04\/instagram-icoon-groot.jpg\" alt=\"\" class=\"wp-image-1980\" style=\"border-radius:10px;width:auto;height:50px\" srcset=\"https:\/\/www.abbaye-de-leffe.be\/nl\/wp-content\/uploads\/2024\/04\/instagram-icoon-groot.jpg 205w, https:\/\/www.abbaye-de-leffe.be\/nl\/wp-content\/uploads\/2024\/04\/instagram-icoon-groot-150x150.jpg 150w\" sizes=\"auto, (max-width: 205px) 100vw, 205px\" \/><\/a><\/figure>\n<\/div>\n\n\n\n<iframe src=\"https:\/\/www.google.com\/maps\/embed?pb=!1m18!1m12!1m3!1d2550.2340198374195!2d4.907499999999999!3d50.2688889!2m3!1f0!2f0!3f0!3m2!1i1024!2i768!4f13.1!3m3!1m2!1s0x47c195617538d997%3A0xe4df80040d1a31fb!2sAbbaye%20Notre-Dame%20de%20Leffe!5e0!3m2!1sfr!2sbe!4v1744703530679!5m2!1sfr!2sbe\" width=\"600\" height=\"450\" style=\"border:0;\" allowfullscreen=\"\" loading=\"lazy\" referrerpolicy=\"no-referrer-when-downgrade\"><\/iframe>\n<\/div>\n<\/div>\n<\/div><\/div>\n","protected":false},"excerpt":{"rendered":"","protected":false},"author":1,"featured_media":0,"parent":0,"menu_order":0,"comment_status":"closed","ping_status":"closed","template":"page-templates\/full-width-transparent.php","meta":{"footnotes":""},"class_list":["post-2328","page","type-page","status-publish","hentry"],"jetpack_sharing_enabled":true,"_links":{"self":[{"href":"https:\/\/www.abbaye-de-leffe.be\/nl\/wp-json\/wp\/v2\/pages\/2328","targetHints":{"allow":["GET"]}}],"collection":[{"href":"https:\/\/www.abbaye-de-leffe.be\/nl\/wp-json\/wp\/v2\/pages"}],"about":[{"href":"https:\/\/www.abbaye-de-leffe.be\/nl\/wp-json\/wp\/v2\/types\/page"}],"author":[{"embeddable":true,"href":"https:\/\/www.abbaye-de-leffe.be\/nl\/wp-json\/wp\/v2\/users\/1"}],"replies":[{"embeddable":true,"href":"https:\/\/www.abbaye-de-leffe.be\/nl\/wp-json\/wp\/v2\/comments?post=2328"}],"version-history":[{"count":64,"href":"https:\/\/www.abbaye-de-leffe.be\/nl\/wp-json\/wp\/v2\/pages\/2328\/revisions"}],"predecessor-version":[{"id":4937,"href":"https:\/\/www.abbaye-de-leffe.be\/nl\/wp-json\/wp\/v2\/pages\/2328\/revisions\/4937"}],"wp:attachment":[{"href":"https:\/\/www.abbaye-de-leffe.be\/nl\/wp-json\/wp\/v2\/media?parent=2328"}],"curies":[{"name":"wp","href":"https:\/\/api.w.org\/{rel}","templated":true}]}}