{"id":4190,"date":"2025-05-16T13:06:43","date_gmt":"2025-05-16T13:06:43","guid":{"rendered":"https:\/\/www.abbaye-de-leffe.be\/fr\/?page_id=4190"},"modified":"2025-07-16T07:40:35","modified_gmt":"2025-07-16T07:40:35","slug":"organ","status":"publish","type":"page","link":"https:\/\/www.abbaye-de-leffe.be\/en\/organ\/","title":{"rendered":"organ"},"content":{"rendered":"\n<div class=\"wp-block-cover alignfull is-light has-parallax\"><div class=\"wp-block-cover__image-background wp-image-4191 size-large has-parallax\" style=\"background-position:50% 50%;background-image:url(https:\/\/www.abbaye-de-leffe.be\/fr\/wp-content\/uploads\/2025\/05\/Web-organe-1024x511.jpg)\"><\/div><span aria-hidden=\"true\" class=\"wp-block-cover__background has-background-dim-0 has-background-dim\"><\/span><div class=\"wp-block-cover__inner-container has-global-padding is-layout-constrained wp-block-cover-is-layout-constrained\">\n<div class=\"wp-block-columns is-layout-flex wp-container-core-columns-is-layout-28f84493 wp-block-columns-is-layout-flex\">\n<div class=\"wp-block-column is-vertically-aligned-top is-layout-flow wp-block-column-is-layout-flow\" style=\"flex-basis:45%\">\n<figure class=\"wp-block-image size-thumbnail is-resized\"><a href=\"https:\/\/www.abbaye-de-leffe.be\/en\/\"><img loading=\"lazy\" decoding=\"async\" width=\"150\" height=\"150\" src=\"https:\/\/www.abbaye-de-leffe.be\/fr\/wp-content\/uploads\/2025\/06\/0.-Acceuil-002-Amoiries-abbaye-150x150.png\" alt=\"\" class=\"wp-image-4326\" style=\"width:auto;height:150px\"\/><\/a><\/figure>\n<\/div>\n\n\n\n<div class=\"wp-block-column has-background-color has-text-color has-link-color wp-elements-ea50c1e32a0830b9f93e82623af30c0f is-layout-flow wp-block-column-is-layout-flow\" style=\"flex-basis:55%\">\n<div style=\"height:20px\" aria-hidden=\"true\" class=\"wp-block-spacer\"><\/div>\n\n\n\n<h3 class=\"wp-block-heading has-text-color has-link-color wp-elements-b5c2cd82548dce3e692def307ce6373c\" style=\"color:#003366\">organ abbey church | Thomas<\/h3>\n\n\n\n<p class=\"has-text-color has-link-color wp-elements-e503d4a7440f7a564c6720f3c0a2b827\" style=\"color:#003366\">L&#8217;orgue actuel de l&#8217;\u00e9glise abbatiale de Leffe a \u00e9t\u00e9 r\u00e9alis\u00e9 en 1996 par le facteur Dominique Thomas. Il s\u2019agit d\u2019un orgue baroque s\u2019inspirant directement de la facture de Gottfried Silbermann, l\u2019un des facteurs les plus c\u00e9l\u00e8bres d\u2019Allemagne au d\u00e9but du 18\u00e8me si\u00e8cle, contemporain de J.S Bach.<\/p>\n\n\n\n<p class=\"has-text-color has-link-color wp-elements-d4bdf4634f9d5fb5c87b60dbb12e853c\" style=\"color:#003366\">Pour le buffet, Dominique Thomas s\u2019est inspir\u00e9 d&#8217;orgue de Gro\u00dfhartmannsdorf. Le facteur a port\u00e9 une attention particuli\u00e8re \u00e0 la fabrication des tuyaux et \u00e0 la facture de la m\u00e9canique au mod\u00e8le de Silbermann.<\/p>\n\n\n\n<p class=\"has-text-color has-link-color wp-elements-bb657878d7e008ae5a683515300c324d\" style=\"color:#003366\">A part quelques concessions, limit\u00e9es, \u00e0 la facture moderne, cet instrument a r\u00e9ellement atteint son objectif de repr\u00e9sentation de la p\u00e9riode baroque allemande et est unanimement lou\u00e9 par les organistes de renom qui ont pu le jouer. Et ce autant pour ses qualit\u00e9s sonores que pour la pr\u00e9cision et la douceur de son touch\u00e9.<\/p>\n\n\n\n<p class=\"has-text-color has-link-color wp-elements-8e2a34e8bdae986958d251f358ad5988\" style=\"color:#003366\"><strong>Disposition<\/strong><\/p>\n\n\n\n<div class=\"wp-block-columns is-layout-flex wp-container-core-columns-is-layout-28f84493 wp-block-columns-is-layout-flex\">\n<div class=\"wp-block-column is-layout-flow wp-block-column-is-layout-flow\">\n<h4 class=\"wp-block-heading has-text-align-left has-text-color has-link-color wp-elements-1297c2066ab1e7ebcf3a5464f9b79d3f\" style=\"color:#003366\">I Grand-orgue<\/h4>\n\n\n\n<p class=\"has-text-align-left has-text-color has-link-color wp-elements-602d185cd2903ab4a6ba1e48317c91ec\" style=\"color:#003366\">Bordun 16&#8242;<br>Principal 8&#8242;<br>Viola di Gamba 8&#8242;<br>Rohrfl\u00f6te 8&#8242;<br>Octava 4&#8242;<br>Spitzfl\u00f6te 4&#8242;<br>Quinta 2&#8242; 2\/3<br>Octava 2&#8242;<br>Cornet III<br>Mixtur IV<br>Vox Humana 8&#8242;<\/p>\n<\/div>\n\n\n\n<div class=\"wp-block-column is-layout-flow wp-block-column-is-layout-flow\">\n<h4 class=\"wp-block-heading has-text-align-left has-text-color has-link-color wp-elements-eaae9ce48f33263e56f35ff52a730245\" style=\"color:#003366\">II Positif sup\u00e9rieur<\/h4>\n\n\n\n<p class=\"has-text-align-left has-text-color has-link-color wp-elements-942d13e5bd15db5bd61124f9f5c144ea\" style=\"color:#003366\">Quintaden 8&#8242;<br>Gedackt 8&#8242;<br>Principal 4&#8242;<br>Rohrfl\u00f6te 4&#8242;<br>Nasat 3&#8242;<br>Octava 2&#8242;<br>Tertia 1&#8242; 3\/5<br>Quinta 1&#8242; 1\/3<br>Siffl\u00f6t 1&#8242;<br>Cimbeln II<\/p>\n<\/div>\n\n\n\n<div class=\"wp-block-column is-layout-flow wp-block-column-is-layout-flow\">\n<h4 class=\"wp-block-heading has-text-align-left has-text-color has-link-color wp-elements-1e0723cb99aaf260c23ca4e08523c9ab\" style=\"color:#003366\">P\u00e9dale<\/h4>\n\n\n\n<p class=\"has-text-align-left has-text-color has-link-color wp-elements-c161144d7030c02035cbafd13d4739bd\" style=\"color:#003366\">Principalba\u03b2 16&#8242;<br>Octaveba\u03b2 8&#8242;<br>Posaune 16&#8242;<br>Trompete 8&#8242;<\/p>\n<\/div>\n<\/div>\n\n\n\n<div style=\"height:20px\" aria-hidden=\"true\" class=\"wp-block-spacer\"><\/div>\n<\/div>\n<\/div>\n<\/div><\/div>\n\n\n\n<div class=\"wp-block-cover is-light\"><span aria-hidden=\"true\" class=\"wp-block-cover__background has-secondary-background-color has-background-dim-10 has-background-dim\"><\/span><div class=\"wp-block-cover__inner-container has-global-padding is-layout-constrained wp-block-cover-is-layout-constrained\">\n<figure class=\"wp-block-image aligncenter size-large is-resized\"><img loading=\"lazy\" decoding=\"async\" width=\"1024\" height=\"241\" src=\"https:\/\/www.abbaye-de-leffe.be\/en\/wp-content\/uploads\/2025\/04\/Logo-sans-coordinates-lOr-HD-1024x241.png\" alt=\"\" class=\"wp-image-5001\" style=\"width:900px\" srcset=\"https:\/\/www.abbaye-de-leffe.be\/en\/wp-content\/uploads\/2025\/04\/Logo-sans-coordinates-lOr-HD-1024x241.png 1024w, https:\/\/www.abbaye-de-leffe.be\/en\/wp-content\/uploads\/2025\/04\/Logo-sans-coordinates-lOr-HD-300x71.png 300w, https:\/\/www.abbaye-de-leffe.be\/en\/wp-content\/uploads\/2025\/04\/Logo-sans-coordinates-lOr-HD-2000x471.png 2000w\" sizes=\"auto, (max-width: 1024px) 100vw, 1024px\" \/><\/figure>\n\n\n\n<div style=\"height:5px\" aria-hidden=\"true\" class=\"wp-block-spacer\"><\/div>\n\n\n\n<div class=\"wp-block-columns alignwide is-layout-flex wp-container-core-columns-is-layout-28f84493 wp-block-columns-is-layout-flex\">\n<div class=\"wp-block-column is-layout-flow wp-block-column-is-layout-flow\" style=\"flex-basis:25%\">\n<h3 class=\"wp-block-heading has-secondary-color has-text-color has-link-color wp-elements-d8f5a73b9d53cb0f48d778c8d5629317\" style=\"font-style:normal;font-weight:300\">Our coordinates<\/h3>\n\n\n\n<p class=\"has-text-color has-link-color wp-elements-b905c75ab4026e6df274a52df127dae9\" style=\"color:#003366\">Place de l&#8217;Abbaye 1<br>5500 Dinant (Belgique)<\/p>\n\n\n\n<p class=\"has-text-color has-link-color wp-elements-31e4a8b548b7c08ca927353ab03c609d\" style=\"color:#003366\">T\u00e9l. +32 (0)82 22 23 77<br><a href=\"mailto:secretariat@abbaye-de-leffe.be\">Contact us by email<\/a><\/p>\n\n\n\n<div class=\"wp-block-columns is-layout-flex wp-container-core-columns-is-layout-28f84493 wp-block-columns-is-layout-flex\">\n<div class=\"wp-block-column is-layout-flow wp-block-column-is-layout-flow\" style=\"flex-basis:50px\">\n<figure class=\"wp-block-image size-full is-resized\"><a href=\"https:\/\/www.abbaye-de-leffe.be\/fr\/\" target=\"_blank\" rel=\" noreferrer noopener\"><img decoding=\"async\" src=\"https:\/\/www.abbaye-de-leffe.be\/nl\/wp-content\/uploads\/2025\/07\/Francais.jpg\" alt=\"\" class=\"wp-image-5017\" style=\"width:40px\"\/><\/a><\/figure>\n<\/div>\n\n\n\n<div class=\"wp-block-column is-layout-flow wp-block-column-is-layout-flow\" style=\"flex-basis:50px\">\n<figure class=\"wp-block-image size-full is-resized\"><a href=\"https:\/\/www.abbaye-de-leffe.be\/nl\/\" target=\"_blank\" rel=\" noreferrer noopener\"><img loading=\"lazy\" decoding=\"async\" width=\"1000\" height=\"600\" src=\"https:\/\/www.abbaye-de-leffe.be\/en\/wp-content\/uploads\/2025\/04\/0.-Neerlandais-1.jpg\" alt=\"\" class=\"wp-image-4131\" style=\"width:40px\" srcset=\"https:\/\/www.abbaye-de-leffe.be\/en\/wp-content\/uploads\/2025\/04\/0.-Neerlandais-1.jpg 1000w, https:\/\/www.abbaye-de-leffe.be\/en\/wp-content\/uploads\/2025\/04\/0.-Neerlandais-1-300x180.jpg 300w\" sizes=\"auto, (max-width: 1000px) 100vw, 1000px\" \/><\/a><\/figure>\n<\/div>\n<\/div>\n<\/div>\n\n\n\n<div class=\"wp-block-column is-layout-flow wp-block-column-is-layout-flow\" style=\"flex-basis:60%\">\n<div class=\"wp-block-group has-global-padding is-layout-constrained wp-block-group-is-layout-constrained\">\n<h3 class=\"wp-block-heading has-text-align-left has-secondary-color has-text-color has-link-color wp-elements-d154a6ce7ac9c5d831c77c2048c34c84\" style=\"font-style:normal;font-weight:300\">Daily schedule<\/h3>\n\n\n\n<div class=\"wp-block-columns has-text-color has-link-color wp-elements-41a79a8d1ae9eaa5c4df535dab0ad189 is-layout-flex wp-container-core-columns-is-layout-28f84493 wp-block-columns-is-layout-flex\" style=\"color:#003366\">\n<div class=\"wp-block-column is-layout-flow wp-block-column-is-layout-flow\">\n<p><strong>Throughout the week<\/strong><br>7 am Matins and Lauds<br>(Mondays and Saturdays 7.30 am)<br>11 am Eucharist<br>6 pm Adoration<br>6.30 pm Vespers<br>8.30 pm Compline (not on Mondays)<\/p>\n<\/div>\n\n\n\n<div class=\"wp-block-column is-layout-flow wp-block-column-is-layout-flow\">\n<p><strong>Sundays and holidays<\/strong><br>7.30 am Matins and Lauds<br><br>10.30 am Eucharist<br>6 pm Adoration<br>6.30 pm Vespers<br>8.30 pm Compline<\/p>\n<\/div>\n<\/div>\n<\/div>\n<\/div>\n\n\n\n<div class=\"wp-block-column is-layout-flow wp-block-column-is-layout-flow\" style=\"flex-basis:15%\">\n<div style=\"height:30px\" aria-hidden=\"true\" class=\"wp-block-spacer\"><\/div>\n\n\n\n<div class=\"wp-block-group is-nowrap is-layout-flex wp-container-core-group-is-layout-6c531013 wp-block-group-is-layout-flex\">\n<figure class=\"wp-block-image size-full is-resized has-custom-border\"><a href=\"https:\/\/www.facebook.com\/profile.php?id=100071014533088\" target=\"_blank\" rel=\" noreferrer noopener\"><img loading=\"lazy\" decoding=\"async\" width=\"204\" height=\"204\" src=\"http:\/\/abbaye-de-leffe.be\/fr\/wp-content\/uploads\/2024\/04\/Facebook-1.jpg\" alt=\"\" class=\"wp-image-1981\" style=\"border-radius:10px;width:auto;height:50px\" srcset=\"https:\/\/www.abbaye-de-leffe.be\/en\/wp-content\/uploads\/2024\/04\/Facebook-1.jpg 204w, https:\/\/www.abbaye-de-leffe.be\/en\/wp-content\/uploads\/2024\/04\/Facebook-1-150x150.jpg 150w\" sizes=\"auto, (max-width: 204px) 100vw, 204px\" \/><\/a><\/figure>\n\n\n\n<figure class=\"wp-block-image size-full is-resized has-custom-border\"><a href=\"https:\/\/www.instagram.com\/abbayedeleffe\/\" target=\"_blank\" rel=\" noreferrer noopener\"><img loading=\"lazy\" decoding=\"async\" width=\"205\" height=\"205\" src=\"http:\/\/abbaye-de-leffe.be\/fr\/wp-content\/uploads\/2024\/04\/instagram-icoon-groot.jpg\" alt=\"\" class=\"wp-image-1980\" style=\"border-radius:10px;width:auto;height:50px\" srcset=\"https:\/\/www.abbaye-de-leffe.be\/en\/wp-content\/uploads\/2024\/04\/instagram-icoon-groot.jpg 205w, https:\/\/www.abbaye-de-leffe.be\/en\/wp-content\/uploads\/2024\/04\/instagram-icoon-groot-150x150.jpg 150w\" sizes=\"auto, (max-width: 205px) 100vw, 205px\" \/><\/a><\/figure>\n<\/div>\n\n\n\n<iframe src=\"https:\/\/www.google.com\/maps\/embed?pb=!1m18!1m12!1m3!1d2550.2340198374195!2d4.907499999999999!3d50.2688889!2m3!1f0!2f0!3f0!3m2!1i1024!2i768!4f13.1!3m3!1m2!1s0x47c195617538d997%3A0xe4df80040d1a31fb!2sAbbaye%20Notre-Dame%20de%20Leffe!5e0!3m2!1sfr!2sbe!4v1744703530679!5m2!1sfr!2sbe\" width=\"600\" height=\"450\" style=\"border:0;\" allowfullscreen=\"\" loading=\"lazy\" referrerpolicy=\"no-referrer-when-downgrade\"><\/iframe>\n<\/div>\n<\/div>\n<\/div><\/div>\n","protected":false},"excerpt":{"rendered":"","protected":false},"author":1,"featured_media":0,"parent":0,"menu_order":0,"comment_status":"closed","ping_status":"closed","template":"page-templates\/full-width-transparent.php","meta":{"footnotes":""},"class_list":["post-4190","page","type-page","status-publish","hentry"],"jetpack_sharing_enabled":true,"_links":{"self":[{"href":"https:\/\/www.abbaye-de-leffe.be\/en\/wp-json\/wp\/v2\/pages\/4190","targetHints":{"allow":["GET"]}}],"collection":[{"href":"https:\/\/www.abbaye-de-leffe.be\/en\/wp-json\/wp\/v2\/pages"}],"about":[{"href":"https:\/\/www.abbaye-de-leffe.be\/en\/wp-json\/wp\/v2\/types\/page"}],"author":[{"embeddable":true,"href":"https:\/\/www.abbaye-de-leffe.be\/en\/wp-json\/wp\/v2\/users\/1"}],"replies":[{"embeddable":true,"href":"https:\/\/www.abbaye-de-leffe.be\/en\/wp-json\/wp\/v2\/comments?post=4190"}],"version-history":[{"count":14,"href":"https:\/\/www.abbaye-de-leffe.be\/en\/wp-json\/wp\/v2\/pages\/4190\/revisions"}],"predecessor-version":[{"id":4996,"href":"https:\/\/www.abbaye-de-leffe.be\/en\/wp-json\/wp\/v2\/pages\/4190\/revisions\/4996"}],"wp:attachment":[{"href":"https:\/\/www.abbaye-de-leffe.be\/en\/wp-json\/wp\/v2\/media?parent=4190"}],"curies":[{"name":"wp","href":"https:\/\/api.w.org\/{rel}","templated":true}]}}