{"id":4002,"date":"2025-04-24T13:07:05","date_gmt":"2025-04-24T13:07:05","guid":{"rendered":"https:\/\/www.abbaye-de-leffe.be\/fr\/?page_id=4002"},"modified":"2026-03-26T14:23:24","modified_gmt":"2026-03-26T14:23:24","slug":"prayer","status":"publish","type":"page","link":"https:\/\/www.abbaye-de-leffe.be\/en\/prayer\/","title":{"rendered":"prayer"},"content":{"rendered":"\n<div class=\"wp-block-cover alignfull has-parallax\"><div class=\"wp-block-cover__image-background wp-image-4005 size-large has-parallax\" style=\"background-position:50% 50%;background-image:url(https:\/\/www.abbaye-de-leffe.be\/fr\/wp-content\/uploads\/2025\/04\/Priere-1024x511.jpg)\"><\/div><span aria-hidden=\"true\" class=\"wp-block-cover__background has-background-dim-0 has-background-dim\"><\/span><div class=\"wp-block-cover__inner-container has-global-padding is-layout-constrained wp-block-cover-is-layout-constrained\">\n<div class=\"wp-block-columns is-layout-flex wp-container-core-columns-is-layout-28f84493 wp-block-columns-is-layout-flex\">\n<div class=\"wp-block-column is-vertically-aligned-top is-layout-flow wp-block-column-is-layout-flow\" style=\"flex-basis:30%\">\n<figure class=\"wp-block-image size-thumbnail is-resized\"><a href=\"https:\/\/www.abbaye-de-leffe.be\/en\/\"><img loading=\"lazy\" decoding=\"async\" width=\"150\" height=\"150\" src=\"https:\/\/www.abbaye-de-leffe.be\/fr\/wp-content\/uploads\/2025\/06\/0.-Acceuil-002-Amoiries-abbaye-150x150.png\" alt=\"\" class=\"wp-image-4326\" style=\"width:auto;height:150px\"\/><\/a><\/figure>\n<\/div>\n\n\n\n<div class=\"wp-block-column has-background-color has-text-color has-link-color wp-elements-5721d155e067770e693aa80b57abf3ec is-layout-flow wp-block-column-is-layout-flow\" style=\"flex-basis:45%\">\n<div style=\"height:20px\" aria-hidden=\"true\" class=\"wp-block-spacer\"><\/div>\n\n\n\n<h3 class=\"wp-block-heading\">Our Father<\/h3>\n\n\n\n<p>Our Father, Who art in heaven,\u00a0<br>Hallowed be Thy Name.\u00a0<br>Thy Kingdom come.\u00a0<br>Thy Will be done,\u00a0<br>on earth as it is in Heaven.<br>Give us this day our daily bread.\u00a0<br>And forgive us our trespasses,\u00a0<br>as we forgive those who trespass against us.\u00a0<br>And lead us not into temptation,\u00a0<br>but deliver us from evil. Amen.<\/p>\n\n\n\n<hr class=\"wp-block-separator has-text-color has-secondary-color has-alpha-channel-opacity has-secondary-background-color has-background is-style-default\"\/>\n\n\n\n<h3 class=\"wp-block-heading\">Hail Mary<\/h3>\n\n\n\n<p>Hail Mary,\u00a0<br>Full of Grace,\u00a0<br>The Lord is with thee.\u00a0<br>Blessed art thou among women,\u00a0<br>and blessed is the fruit<br>of thy womb, Jesus.\u00a0<br>Holy Mary,\u00a0<br>Mother of God,\u00a0<br>pray for us sinners now,\u00a0<br>and at the hour of our death.<br>Amen.<\/p>\n\n\n\n<hr class=\"wp-block-separator has-text-color has-secondary-color has-alpha-channel-opacity has-secondary-background-color has-background is-style-default\"\/>\n\n\n\n<h3 class=\"wp-block-heading\">Credo : the Apostles&#8217; Creed<\/h3>\n\n\n\n<p><strong>I believe in God<\/strong>, the Father Almighty, Creator of Heaven and earth;\u00a0and in Jesus Christ, His only Son Our Lord,\u00a0Who was conceived by the Holy Spirit, born of the Virgin Mary, suffered under Pontius Pilate, was crucified, died, and was buried.\u00a0He descended into Hell; the third day He rose again from the dead;\u00a0He ascended into Heaven, and sitteth at the right hand of God, the Father almighty; from thence He shall come to judge the living and the dead.\u00a0I believe in the Holy Spirit, the holy Catholic Church, the communion of saints, the forgiveness of sins, the resurrection of the body and life everlasting.\u00a0Amen.<\/p>\n\n\n\n<hr class=\"wp-block-separator has-text-color has-secondary-color has-alpha-channel-opacity has-secondary-background-color has-background is-style-default\"\/>\n\n\n\n<h3 class=\"wp-block-heading\">The Angelus<\/h3>\n\n\n\n<p>The Angel of the Lord declared to Mary:&nbsp;<br>And she conceived of the Holy Spirit.<\/p>\n\n\n\n<p><em>Hail Mary, full of grace, the Lord is with thee; blessed art thou among women and blessed is the fruit of thy womb, Jesus. Holy Mary, Mother of God, pray for us sinners, now and at the hour of our death. Amen.<\/em><\/p>\n\n\n\n<p>Behold the handmaid of the Lord: Be it done unto me according to Thy word.<\/p>\n\n\n\n<p><em>Hail Mary&#8230;<\/em><\/p>\n\n\n\n<p>And the Word was made Flesh: And dwelt among us.<\/p>\n\n\n\n<p><em>Hail Mary&#8230;<\/em><\/p>\n\n\n\n<p>Pray for us, O Holy Mother of God, that we may be made worthy of the promises of Christ.\u00a0<br><br>Let us pray: Pour forth, we beseech Thee, O Lord, Thy grace into our hearts; that we, to whom the incarnation of Christ, Thy Son, was made known by the message of an angel, may by His Passion and Cross be brought to the glory of His Resurrection, through the same Christ Our Lord.<\/p>\n\n\n\n<p>Amen.&nbsp;<\/p>\n\n\n\n<hr class=\"wp-block-separator has-text-color has-secondary-color has-alpha-channel-opacity has-secondary-background-color has-background is-style-default\"\/>\n\n\n\n<h3 class=\"wp-block-heading\">Prayer for Peace<\/h3>\n\n\n\n<p>Virgin Mary, Our Lady of Peace,<br>You came to us<br>to bring us the peace of God, Jesus, Your Child.<br>Together with all those who have called upon You<br>in times of trial and distress,<br>we come to You with confidence,<br>for You are our Mother.<\/p>\n\n\n\n<p>Rejoice, humble handmaid of the Lord.<br>In Your Heart, God makes His dwelling among us.<br>In the Heart of Jesus, Your Child,<br>He reveals to us His tenderness and mercy.<br>At the foot of the Cross,<br>You receive the forgiveness and peace He obtains for us.<br>Lead us to the spring of living water in His Heart.<\/p>\n\n\n\n<p>Pray for us, pray with us, Holy Mother of God,<br>that we may be artisans of reconciliation<br>and servants of peace.<br>Then we shall know the peace of heart<br>promised to those who walk, with You,<br>on the paths of the Gospel<br>so that the world may have life<br>and have it in abundance.<br>Amen.<\/p>\n\n\n\n<div style=\"height:20px\" aria-hidden=\"true\" class=\"wp-block-spacer\"><\/div>\n<\/div>\n\n\n\n<div class=\"wp-block-column is-layout-flow wp-block-column-is-layout-flow\" style=\"flex-basis:2%\"><\/div>\n\n\n\n<div class=\"wp-block-column has-secondary-color has-text-color has-link-color wp-elements-dc5ba919d21c1a74c185fcd1284d376a is-layout-flow wp-block-column-is-layout-flow\" style=\"flex-basis:23%\">\n<div style=\"height:20px\" aria-hidden=\"true\" class=\"wp-block-spacer\"><\/div>\n\n\n\n<h4 class=\"wp-block-heading has-text-align-right has-secondary-color has-text-color has-link-color wp-elements-be5273869879b50f0debf59e94836687\" style=\"font-style:normal;font-weight:300\"><strong>Prier avec la communaut\u00e9<\/strong><\/h4>\n\n\n\n<p class=\"has-text-align-right has-background-color has-text-color has-link-color has-x-small-font-size wp-elements-691e1ff0109afba7dad9628139901c60\">Nous vous invitons de joindre notre communaut\u00e9 pour les offices des jour.<\/p>\n\n\n\n<div class=\"wp-block-buttons is-horizontal is-content-justification-right is-layout-flex wp-container-core-buttons-is-layout-30af2ff6 wp-block-buttons-is-layout-flex\">\n<div class=\"wp-block-button is-style-outline is-style-outline--1\"><a class=\"wp-block-button__link has-background-color has-text-color has-link-color has-x-small-font-size has-custom-font-size wp-element-button\" href=\"https:\/\/www.abbaye-de-leffe.be\/fr\/venir\/\">horaires des offices<\/a><\/div>\n<\/div>\n\n\n\n<h4 class=\"wp-block-heading has-text-align-right has-secondary-color has-text-color has-link-color wp-elements-69f7c481ef5dfcf9dd0dc117390c4537\" style=\"font-style:normal;font-weight:300\"><strong>Demande d&#8217;intention(s) de messe<\/strong><\/h4>\n\n\n\n<p class=\"has-text-align-right has-background-color has-text-color has-link-color has-x-small-font-size wp-elements-76e2753aeef62c4b24496c086745bbc3\"><em>Nous demandons que les intentions soient demand\u00e9es au moins une semaine \u00e0 l&#8217;avance en appelant secretariat@abbaye-de-leffe.be ou +32 (0) 82 22 23 77<\/em> <em>(entre 8h30 et 16h).<\/em> <em>N&#8217;oubliez pas de nous fournir<\/em> <em>les d\u00e9tails ci-dessous.<\/em><\/p>\n\n\n\n<p class=\"has-text-align-right has-background-color has-text-color has-link-color has-x-small-font-size wp-elements-7234f1cfa5043e8c31f00fcfcdd34e56\"><strong>Nom + pr\u00e9nom du\/des d\u00e9funt(s)<\/strong><br>ou <strong>intention<\/strong> (action de gr\u00e2ce, gu\u00e9rison, pri\u00e8re, \u2026)<strong><br>Date de messe<br>Votre e-mail<br>gsm ou t\u00e9l\u00e9phone<\/strong><\/p>\n\n\n\n<p class=\"has-text-align-right has-background-color has-text-color has-link-color has-x-small-font-size wp-elements-d66ebb37f5fbd4b9eff06e31d4299808\"><em>Veuillez virer 7 euros sur le compte de ASBL abbaye de Leffe num\u00e9ro BE69 3601 0144 0178 (ING), en indiquant le nom et le pr\u00e9nom.<\/em><br><em>Merci.<\/em><\/p>\n<\/div>\n<\/div>\n<\/div><\/div>\n\n\n\n<div class=\"wp-block-cover is-light\"><span aria-hidden=\"true\" class=\"wp-block-cover__background has-secondary-background-color has-background-dim-10 has-background-dim\"><\/span><div class=\"wp-block-cover__inner-container has-global-padding is-layout-constrained wp-block-cover-is-layout-constrained\">\n<figure class=\"wp-block-image aligncenter size-large is-resized\"><img loading=\"lazy\" decoding=\"async\" width=\"1024\" height=\"241\" src=\"https:\/\/www.abbaye-de-leffe.be\/en\/wp-content\/uploads\/2025\/04\/Logo-sans-coordinates-lOr-HD-1024x241.png\" alt=\"\" class=\"wp-image-5001\" style=\"width:900px\" srcset=\"https:\/\/www.abbaye-de-leffe.be\/en\/wp-content\/uploads\/2025\/04\/Logo-sans-coordinates-lOr-HD-1024x241.png 1024w, https:\/\/www.abbaye-de-leffe.be\/en\/wp-content\/uploads\/2025\/04\/Logo-sans-coordinates-lOr-HD-300x71.png 300w, https:\/\/www.abbaye-de-leffe.be\/en\/wp-content\/uploads\/2025\/04\/Logo-sans-coordinates-lOr-HD-2000x471.png 2000w\" sizes=\"auto, (max-width: 1024px) 100vw, 1024px\" \/><\/figure>\n\n\n\n<div style=\"height:5px\" aria-hidden=\"true\" class=\"wp-block-spacer\"><\/div>\n\n\n\n<div class=\"wp-block-columns alignwide is-layout-flex wp-container-core-columns-is-layout-28f84493 wp-block-columns-is-layout-flex\">\n<div class=\"wp-block-column is-layout-flow wp-block-column-is-layout-flow\" style=\"flex-basis:25%\">\n<h3 class=\"wp-block-heading has-secondary-color has-text-color has-link-color wp-elements-d8f5a73b9d53cb0f48d778c8d5629317\" style=\"font-style:normal;font-weight:300\">Our coordinates<\/h3>\n\n\n\n<p class=\"has-text-color has-link-color wp-elements-b905c75ab4026e6df274a52df127dae9\" style=\"color:#003366\">Place de l&#8217;Abbaye 1<br>5500 Dinant (Belgique)<\/p>\n\n\n\n<p class=\"has-text-color has-link-color wp-elements-31e4a8b548b7c08ca927353ab03c609d\" style=\"color:#003366\">T\u00e9l. +32 (0)82 22 23 77<br><a href=\"mailto:secretariat@abbaye-de-leffe.be\">Contact us by email<\/a><\/p>\n\n\n\n<div class=\"wp-block-columns is-layout-flex wp-container-core-columns-is-layout-28f84493 wp-block-columns-is-layout-flex\">\n<div class=\"wp-block-column is-layout-flow wp-block-column-is-layout-flow\" style=\"flex-basis:50px\">\n<figure class=\"wp-block-image size-full is-resized\"><a href=\"https:\/\/www.abbaye-de-leffe.be\/fr\/\" target=\"_blank\" rel=\" noreferrer noopener\"><img decoding=\"async\" src=\"https:\/\/www.abbaye-de-leffe.be\/nl\/wp-content\/uploads\/2025\/07\/Francais.jpg\" alt=\"\" class=\"wp-image-5017\" style=\"width:40px\"\/><\/a><\/figure>\n<\/div>\n\n\n\n<div class=\"wp-block-column is-layout-flow wp-block-column-is-layout-flow\" style=\"flex-basis:50px\">\n<figure class=\"wp-block-image size-full is-resized\"><a href=\"https:\/\/www.abbaye-de-leffe.be\/nl\/\" target=\"_blank\" rel=\" noreferrer noopener\"><img loading=\"lazy\" decoding=\"async\" width=\"1000\" height=\"600\" src=\"https:\/\/www.abbaye-de-leffe.be\/en\/wp-content\/uploads\/2025\/04\/0.-Neerlandais-1.jpg\" alt=\"\" class=\"wp-image-4131\" style=\"width:40px\" srcset=\"https:\/\/www.abbaye-de-leffe.be\/en\/wp-content\/uploads\/2025\/04\/0.-Neerlandais-1.jpg 1000w, https:\/\/www.abbaye-de-leffe.be\/en\/wp-content\/uploads\/2025\/04\/0.-Neerlandais-1-300x180.jpg 300w\" sizes=\"auto, (max-width: 1000px) 100vw, 1000px\" \/><\/a><\/figure>\n<\/div>\n<\/div>\n<\/div>\n\n\n\n<div class=\"wp-block-column is-layout-flow wp-block-column-is-layout-flow\" style=\"flex-basis:60%\">\n<div class=\"wp-block-group has-global-padding is-layout-constrained wp-block-group-is-layout-constrained\">\n<h3 class=\"wp-block-heading has-text-align-left has-secondary-color has-text-color has-link-color wp-elements-d154a6ce7ac9c5d831c77c2048c34c84\" style=\"font-style:normal;font-weight:300\">Daily schedule<\/h3>\n\n\n\n<div class=\"wp-block-columns has-text-color has-link-color wp-elements-41a79a8d1ae9eaa5c4df535dab0ad189 is-layout-flex wp-container-core-columns-is-layout-28f84493 wp-block-columns-is-layout-flex\" style=\"color:#003366\">\n<div class=\"wp-block-column is-layout-flow wp-block-column-is-layout-flow\">\n<p><strong>Throughout the week<\/strong><br>7 am Matins and Lauds<br>(Mondays and Saturdays 7.30 am)<br>11 am Eucharist<br>6 pm Adoration<br>6.30 pm Vespers<br>8.30 pm Compline (not on Mondays)<\/p>\n<\/div>\n\n\n\n<div class=\"wp-block-column is-layout-flow wp-block-column-is-layout-flow\">\n<p><strong>Sundays and holidays<\/strong><br>7.30 am Matins and Lauds<br><br>10.30 am Eucharist<br>6 pm Adoration<br>6.30 pm Vespers<br>8.30 pm Compline<\/p>\n<\/div>\n<\/div>\n<\/div>\n<\/div>\n\n\n\n<div class=\"wp-block-column is-layout-flow wp-block-column-is-layout-flow\" style=\"flex-basis:15%\">\n<div style=\"height:30px\" aria-hidden=\"true\" class=\"wp-block-spacer\"><\/div>\n\n\n\n<div class=\"wp-block-group is-nowrap is-layout-flex wp-container-core-group-is-layout-6c531013 wp-block-group-is-layout-flex\">\n<figure class=\"wp-block-image size-full is-resized has-custom-border\"><a href=\"https:\/\/www.facebook.com\/profile.php?id=100071014533088\" target=\"_blank\" rel=\" noreferrer noopener\"><img loading=\"lazy\" decoding=\"async\" width=\"204\" height=\"204\" src=\"http:\/\/abbaye-de-leffe.be\/fr\/wp-content\/uploads\/2024\/04\/Facebook-1.jpg\" alt=\"\" class=\"wp-image-1981\" style=\"border-radius:10px;width:auto;height:50px\" srcset=\"https:\/\/www.abbaye-de-leffe.be\/en\/wp-content\/uploads\/2024\/04\/Facebook-1.jpg 204w, https:\/\/www.abbaye-de-leffe.be\/en\/wp-content\/uploads\/2024\/04\/Facebook-1-150x150.jpg 150w\" sizes=\"auto, (max-width: 204px) 100vw, 204px\" \/><\/a><\/figure>\n\n\n\n<figure class=\"wp-block-image size-full is-resized has-custom-border\"><a href=\"https:\/\/www.instagram.com\/abbayedeleffe\/\" target=\"_blank\" rel=\" noreferrer noopener\"><img loading=\"lazy\" decoding=\"async\" width=\"205\" height=\"205\" src=\"http:\/\/abbaye-de-leffe.be\/fr\/wp-content\/uploads\/2024\/04\/instagram-icoon-groot.jpg\" alt=\"\" class=\"wp-image-1980\" style=\"border-radius:10px;width:auto;height:50px\" srcset=\"https:\/\/www.abbaye-de-leffe.be\/en\/wp-content\/uploads\/2024\/04\/instagram-icoon-groot.jpg 205w, https:\/\/www.abbaye-de-leffe.be\/en\/wp-content\/uploads\/2024\/04\/instagram-icoon-groot-150x150.jpg 150w\" sizes=\"auto, (max-width: 205px) 100vw, 205px\" \/><\/a><\/figure>\n<\/div>\n\n\n\n<iframe src=\"https:\/\/www.google.com\/maps\/embed?pb=!1m18!1m12!1m3!1d2550.2340198374195!2d4.907499999999999!3d50.2688889!2m3!1f0!2f0!3f0!3m2!1i1024!2i768!4f13.1!3m3!1m2!1s0x47c195617538d997%3A0xe4df80040d1a31fb!2sAbbaye%20Notre-Dame%20de%20Leffe!5e0!3m2!1sfr!2sbe!4v1744703530679!5m2!1sfr!2sbe\" width=\"600\" height=\"450\" style=\"border:0;\" allowfullscreen=\"\" loading=\"lazy\" referrerpolicy=\"no-referrer-when-downgrade\"><\/iframe>\n<\/div>\n<\/div>\n<\/div><\/div>\n","protected":false},"excerpt":{"rendered":"","protected":false},"author":1,"featured_media":0,"parent":0,"menu_order":0,"comment_status":"closed","ping_status":"closed","template":"page-templates\/full-width-transparent.php","meta":{"footnotes":""},"class_list":["post-4002","page","type-page","status-publish","hentry"],"jetpack_sharing_enabled":true,"_links":{"self":[{"href":"https:\/\/www.abbaye-de-leffe.be\/en\/wp-json\/wp\/v2\/pages\/4002","targetHints":{"allow":["GET"]}}],"collection":[{"href":"https:\/\/www.abbaye-de-leffe.be\/en\/wp-json\/wp\/v2\/pages"}],"about":[{"href":"https:\/\/www.abbaye-de-leffe.be\/en\/wp-json\/wp\/v2\/types\/page"}],"author":[{"embeddable":true,"href":"https:\/\/www.abbaye-de-leffe.be\/en\/wp-json\/wp\/v2\/users\/1"}],"replies":[{"embeddable":true,"href":"https:\/\/www.abbaye-de-leffe.be\/en\/wp-json\/wp\/v2\/comments?post=4002"}],"version-history":[{"count":53,"href":"https:\/\/www.abbaye-de-leffe.be\/en\/wp-json\/wp\/v2\/pages\/4002\/revisions"}],"predecessor-version":[{"id":5321,"href":"https:\/\/www.abbaye-de-leffe.be\/en\/wp-json\/wp\/v2\/pages\/4002\/revisions\/5321"}],"wp:attachment":[{"href":"https:\/\/www.abbaye-de-leffe.be\/en\/wp-json\/wp\/v2\/media?parent=4002"}],"curies":[{"name":"wp","href":"https:\/\/api.w.org\/{rel}","templated":true}]}}